{"id":5146,"date":"2024-01-02T14:06:43","date_gmt":"2024-01-02T12:06:43","guid":{"rendered":"https:\/\/alekoapartments.com\/privacy-policy\/"},"modified":"2025-02-17T11:08:46","modified_gmt":"2025-02-17T09:08:46","slug":"politica-de-confidentialitate","status":"publish","type":"page","link":"https:\/\/alekoapartments.com\/ro\/politica-de-confidentialitate\/","title":{"rendered":"Politica de confiden\u021bialitate"},"content":{"rendered":"<link id=\"igs-wpf-css\" type=\"text\/css\" data-href=\"https:\/\/alekoapartments.com\/wp-content\/themes\/chamurkov\/resources\/css\/igs-wpf.css\" class=\"assets-lazy-style\" rel=\"stylesheet\" media=\"all\">\n<div class=\"mt-u-md-60 mb-u-md-60 mt-d-sm-30 mb-d-sm-30\">\n\n<div class=\"container wp-editor ts\">\n  <h1 style=\"text-align: center;\">Politica de confiden\u021bialitate<\/h1>\n<h2 data-start=\"41\" data-end=\"74\"><strong data-start=\"46\" data-end=\"72\">1. Informa\u021bii generale<\/strong><\/h2>\n<p data-start=\"76\" data-end=\"442\">\u00cencep\u00e2nd cu data de 25 mai 2018, a intrat \u00een vigoare un nou regulament privind protec\u021bia datelor (Regulamentul general privind protec\u021bia datelor &#8211; GDPR) adoptat de Uniunea European\u0103. Regulamentul are ca scop garantarea protec\u021biei datelor personale ale persoanelor fizice din toate statele membre ale UE \u0219i uniformizarea reglement\u0103rilor privind procesarea acestora.<\/p>\n<p data-start=\"444\" data-end=\"798\"><strong data-start=\"444\" data-end=\"462\">NA CHISTO EOOD<\/strong> \u00ee\u0219i desf\u0103\u0219oar\u0103 activitatea \u00een conformitate cu Legea privind protec\u021bia datelor cu caracter personal \u0219i Regulamentul (UE) 2016\/679 al Parlamentului European \u0219i al Consiliului din 27 aprilie 2016, referitor la protec\u021bia persoanelor fizice \u00een ceea ce prive\u0219te prelucrarea datelor cu caracter personal \u0219i libera circula\u021bie a acestor date.<\/p>\n<h2 data-start=\"800\" data-end=\"863\"><strong data-start=\"805\" data-end=\"861\">2. Aplicarea prezentei Politici de confiden\u021bialitate<\/strong><\/h2>\n<p data-start=\"865\" data-end=\"1089\">\u00cen calitate de operator de date cu caracter personal, <strong data-start=\"919\" data-end=\"937\">NA CHISTO EOOD<\/strong> respect\u0103 toate cerin\u021bele noului regulament, colect\u00e2nd doar datele necesare pentru furnizarea serviciului \u0219i p\u0103str\u00e2ndu-le \u00een mod responsabil \u0219i legal.<\/p>\n<h3 data-start=\"1091\" data-end=\"1164\"><strong data-start=\"1097\" data-end=\"1162\">2.1 Informa\u021bii despre operatorul de date cu caracter personal<\/strong><\/h3>\n<p data-start=\"1165\" data-end=\"1429\"><strong data-start=\"1165\" data-end=\"1178\">Denumire:<\/strong> NA CHISTO EOOD<br data-start=\"1193\" data-end=\"1196\" \/><strong data-start=\"1196\" data-end=\"1214\">Bulstat \/ EIK:<\/strong> BG201445667<br data-start=\"1226\" data-end=\"1229\" \/><strong data-start=\"1229\" data-end=\"1265\">Sediu \u0219i adres\u0103 de administrare:<\/strong> BULGARIA, Veliko T\u00e2rnovo, TSVETARSKA 6<br data-start=\"1304\" data-end=\"1307\" \/><strong data-start=\"1307\" data-end=\"1344\">Responsabil cu protec\u021bia datelor:<\/strong> Dl. Chamurkov<br data-start=\"1358\" data-end=\"1361\" \/><strong data-start=\"1361\" data-end=\"1372\">E-mail:<\/strong> <a rel=\"noopener\" data-start=\"1373\" data-end=\"1399\">office@alekoapartments.com<\/a><br data-start=\"1399\" data-end=\"1402\" \/><strong data-start=\"1402\" data-end=\"1414\">Telefon:<\/strong> 087 999 9747<\/p>\n<h3 data-start=\"1431\" data-end=\"1503\"><strong data-start=\"1437\" data-end=\"1501\">2.2 Informa\u021bii despre autoritatea de supraveghere competent\u0103<\/strong><\/h3>\n<p data-start=\"1504\" data-end=\"1833\"><strong data-start=\"1504\" data-end=\"1517\">Denumire:<\/strong> Comisia pentru Protec\u021bia Datelor cu Caracter Personal<br data-start=\"1571\" data-end=\"1574\" \/><strong data-start=\"1574\" data-end=\"1594\">Sediu \u0219i adres\u0103:<\/strong> Sofia 1592, Bulevardul \u201eProf. Tsvetan Lazarov\u201d Nr. 2<br data-start=\"1647\" data-end=\"1650\" \/><strong data-start=\"1650\" data-end=\"1676\">Date de coresponden\u021b\u0103:<\/strong> Sofia 1592, Bulevardul \u201eProf. Tsvetan Lazarov\u201d Nr. 2<br data-start=\"1729\" data-end=\"1732\" \/><strong data-start=\"1732\" data-end=\"1744\">Telefon:<\/strong> 02 915 3 518<br data-start=\"1757\" data-end=\"1760\" \/><strong data-start=\"1760\" data-end=\"1771\">E-mail:<\/strong> <a rel=\"noopener\" data-start=\"1772\" data-end=\"1790\">kzld@government.bg<\/a>, <a rel=\"noopener\" data-start=\"1792\" data-end=\"1804\">kzld@cpdp.bg<\/a><br data-start=\"1804\" data-end=\"1807\" \/><strong data-start=\"1807\" data-end=\"1819\">Website:<\/strong> <a href=\"http:\/\/www.cpdp.bg\" target=\"_new\" rel=\"noopener\" data-start=\"1820\" data-end=\"1831\">www.cpdp.bg<\/a><\/p>\n<p data-start=\"1835\" data-end=\"2082\"><strong data-start=\"1835\" data-end=\"1853\">NA CHISTO EOOD<\/strong> este operatorul datelor cu caracter personal (adic\u0103 informa\u021biile care identific\u0103 \u00een mod specific o persoan\u0103, precum numele \u0219i prenumele sau adresa de e-mail) colectate de la \u0219i despre utilizatori prin intermediul website-ului.<\/p>\n<p data-start=\"2084\" data-end=\"2243\">Aceast\u0103 Politic\u0103 de confiden\u021bialitate se aplic\u0103 tuturor utilizatorilor, inclusiv celor care utilizeaz\u0103 website-ul f\u0103r\u0103 a se \u00eenregistra sau abona la servicii.<\/p>\n<h2 data-start=\"2245\" data-end=\"2314\"><strong data-start=\"2250\" data-end=\"2312\">3. Tipuri de date cu caracter personal pe care le colect\u0103m<\/strong><\/h2>\n<p data-start=\"2316\" data-end=\"2373\"><strong data-start=\"2316\" data-end=\"2334\">NA CHISTO EOOD<\/strong> poate colecta doar urm\u0103toarele date:<\/p>\n<ul data-start=\"2375\" data-end=\"2436\">\n<li data-start=\"2375\" data-end=\"2394\">Nume \u0219i prenume<\/li>\n<li data-start=\"2395\" data-end=\"2415\">Num\u0103r de telefon<\/li>\n<li data-start=\"2416\" data-end=\"2436\">Adres\u0103 de e-mail<\/li>\n<\/ul>\n<p data-start=\"2438\" data-end=\"2533\">Acestea sunt furnizate de utilizatori prin completarea formularelor de contact de pe website.<\/p>\n<p data-start=\"2535\" data-end=\"2594\">Nu colect\u0103m categorii speciale de date personale, precum:<\/p>\n<ul data-start=\"2596\" data-end=\"2905\">\n<li data-start=\"2596\" data-end=\"2627\">Originea rasial\u0103 sau etnic\u0103<\/li>\n<li data-start=\"2628\" data-end=\"2649\">Opiniile politice<\/li>\n<li data-start=\"2650\" data-end=\"2692\">Convingerile religioase sau filozofice<\/li>\n<li data-start=\"2693\" data-end=\"2721\">Apartenen\u021ba la sindicate<\/li>\n<li data-start=\"2722\" data-end=\"2739\">Date genetice<\/li>\n<li data-start=\"2740\" data-end=\"2785\">Date biometrice pentru identificare unic\u0103<\/li>\n<li data-start=\"2786\" data-end=\"2812\">Date privind s\u0103n\u0103tatea<\/li>\n<li data-start=\"2813\" data-end=\"2853\">Via\u021ba sexual\u0103 sau orientarea sexual\u0103<\/li>\n<li data-start=\"2854\" data-end=\"2905\">Date legate de condamn\u0103ri penale \u0219i infrac\u021biuni<\/li>\n<\/ul>\n<h2 data-start=\"2907\" data-end=\"2970\"><strong data-start=\"2912\" data-end=\"2968\">4. Scopurile colect\u0103rii datelor cu caracter personal<\/strong><\/h2>\n<p data-start=\"2972\" data-end=\"3168\">Scopul principal al colect\u0103rii datelor dvs. personale este de a v\u0103 oferi acces la website-ul <strong data-start=\"3065\" data-end=\"3083\">NA CHISTO EOOD<\/strong> sau la serviciile acestuia \u0219i de a facilita interac\u021biunea dvs. cu aceste servicii.<\/p>\n<p data-start=\"3170\" data-end=\"3217\">\u00cen prezent, proces\u0103m datele dvs. doar pentru:<\/p>\n<ul data-start=\"3219\" data-end=\"3311\">\n<li data-start=\"3219\" data-end=\"3247\">Procesarea solicit\u0103rilor<\/li>\n<li data-start=\"3248\" data-end=\"3273\">Oferirea de asisten\u021b\u0103<\/li>\n<li data-start=\"3274\" data-end=\"3311\">Comunicarea personalizat\u0103 cu dvs.<\/li>\n<\/ul>\n<p data-start=\"3313\" data-end=\"3486\">Furnizarea datelor dvs. personale nu este obligatorie. Totu\u0219i, dac\u0103 alege\u021bi s\u0103 nu le furniza\u021bi, este posibil s\u0103 nu ave\u021bi acces la anumite func\u021bionalit\u0103\u021bi ale website-ului.<\/p>\n<p data-start=\"3488\" data-end=\"3551\">\u00cen prezent, <strong data-start=\"3500\" data-end=\"3506\">nu<\/strong> proces\u0103m datele dvs. pentru trimiterea de:<\/p>\n<ul data-start=\"3553\" data-end=\"3587\">\n<li data-start=\"3553\" data-end=\"3563\">Oferte<\/li>\n<li data-start=\"3564\" data-end=\"3587\">Mesaje de marketing<\/li>\n<\/ul>\n<p data-start=\"3589\" data-end=\"3708\">Dac\u0103 astfel de ac\u021biuni vor fi planificate \u00een viitor, acestea se vor desf\u0103\u0219ura numai cu consim\u021b\u0103m\u00e2ntul dvs. prealabil.<\/p>\n<h2 data-start=\"3710\" data-end=\"3774\"><strong data-start=\"3715\" data-end=\"3772\">5. Principii pentru colectarea datelor dvs. personale<\/strong><\/h2>\n<p data-start=\"3776\" data-end=\"4051\">Securitatea datelor dvs. este o prioritate pentru noi. \u00cen acest sens, <strong data-start=\"3846\" data-end=\"3864\">NA CHISTO EOOD<\/strong> a implementat m\u0103suri administrative, tehnice \u0219i fizice adecvate pentru protejarea datelor personale \u00eempotriva pierderii, furtului, utiliz\u0103rii neautorizate, dezv\u0103luirii sau modific\u0103rii.<\/p>\n<h2 data-start=\"4053\" data-end=\"4106\"><strong data-start=\"4058\" data-end=\"4104\">6. Perioada de stocare a datelor personale<\/strong><\/h2>\n<p data-start=\"4108\" data-end=\"4264\">Vom p\u0103stra datele dvs. doar pentru perioada necesar\u0103 \u00eendeplinirii scopurilor pentru care au fost colectate, conform acestei Politici de confiden\u021bialitate.<\/p>\n<p data-start=\"4266\" data-end=\"4356\">La sf\u00e2r\u0219itul perioadei de reten\u021bie, datele dvs. vor fi \u0219terse, anonimizate sau agregate.<\/p>\n<h2 data-start=\"4358\" data-end=\"4429\"><strong data-start=\"4363\" data-end=\"4427\">7. Transferul datelor cu caracter personal pentru prelucrare<\/strong><\/h2>\n<p data-start=\"4431\" data-end=\"4654\"><strong data-start=\"4431\" data-end=\"4449\">NA CHISTO EOOD<\/strong> poate, la propria discre\u021bie, transfera datele dvs. c\u0103tre operatori de date ter\u021bi pentru procesare, respect\u00e2nd prevederile Regulamentului (UE) 2016\/679 \u0219i notific\u00e2ndu-v\u0103 \u00een cazul unui astfel de transfer.<\/p>\n<p data-start=\"4656\" data-end=\"4768\"><strong data-start=\"4656\" data-end=\"4674\">NA CHISTO EOOD<\/strong> poate partaja datele dvs. personale cu furnizori ter\u021bi care prelucreaz\u0103 date \u00een numele s\u0103u.<\/p>\n<h2 data-start=\"4770\" data-end=\"4827\"><strong data-start=\"4775\" data-end=\"4825\">8. Transferul datelor personale \u00een str\u0103in\u0103tate<\/strong><\/h2>\n<p data-start=\"4829\" data-end=\"5077\">Datele dvs. personale pot fi transferate \u00een alte \u021b\u0103ri din cadrul sau din afara Spa\u021biului Economic European (SEE). Ne asigur\u0103m \u00eentotdeauna c\u0103 sunt implementate m\u0103suri de protec\u021bie adecvate, conform legisla\u021biei aplicabile privind protec\u021bia datelor.<\/p>\n<h2 data-start=\"5079\" data-end=\"5139\"><strong data-start=\"5084\" data-end=\"5137\">9. Drepturile dvs. cu privire la datele personale<\/strong><\/h2>\n<h3 data-start=\"5141\" data-end=\"5184\"><strong data-start=\"5147\" data-end=\"5182\">9.1 Retragerea consim\u021b\u0103m\u00e2ntului<\/strong><\/h3>\n<p data-start=\"5185\" data-end=\"5334\">V\u0103 pute\u021bi retrage consim\u021b\u0103m\u00e2ntul privind prelucrarea datelor dvs. oric\u00e2nd, printr-o cerere transmis\u0103 pe e-mail la adresa men\u021bionat\u0103 la punctul 2.1.<\/p>\n<h3 data-start=\"5336\" data-end=\"5368\"><strong data-start=\"5342\" data-end=\"5366\">9.2 Dreptul de acces<\/strong><\/h3>\n<p data-start=\"5369\" data-end=\"5481\">Ave\u021bi dreptul de a solicita \u0219i primi confirmarea dac\u0103 <strong data-start=\"5423\" data-end=\"5441\">NA CHISTO EOOD<\/strong> proceseaz\u0103 date personale despre dvs.<\/p>\n<h3 data-start=\"5483\" data-end=\"5521\"><strong data-start=\"5489\" data-end=\"5519\">9.3 Dreptul la rectificare<\/strong><\/h3>\n<p data-start=\"5522\" data-end=\"5659\">Pute\u021bi corecta sau completa datele dvs. personale direct prin profilul dvs. de pe website sau printr-o cerere c\u0103tre <strong data-start=\"5638\" data-end=\"5656\">NA CHISTO EOOD<\/strong>.<\/p>\n<h3 data-start=\"5661\" data-end=\"5722\"><strong data-start=\"5667\" data-end=\"5720\">9.4 Dreptul la \u0219tergere (\u201edreptul de a fi uitat\u201d)<\/strong><\/h3>\n<p data-start=\"5723\" data-end=\"5896\">Ave\u021bi dreptul s\u0103 solicita\u021bi \u0219tergerea datelor dvs. personale atunci c\u00e2nd acestea nu mai sunt necesare pentru scopurile ini\u021biale sau dac\u0103 prelucrarea acestora este ilegal\u0103.<\/p>\n<h3 data-start=\"5898\" data-end=\"5939\"><strong data-start=\"5904\" data-end=\"5937\">9.5 Dreptul la restric\u021bionare<\/strong><\/h3>\n<p data-start=\"5940\" data-end=\"6019\">Pute\u021bi solicita restric\u021bionarea prelucr\u0103rii datelor dvs. \u00een anumite condi\u021bii.<\/p>\n<h3 data-start=\"6021\" data-end=\"6061\"><strong data-start=\"6027\" data-end=\"6059\">9.6 Dreptul la portabilitate<\/strong><\/h3>\n<p data-start=\"6062\" data-end=\"6152\">Pute\u021bi solicita transferul datelor dvs. c\u0103tre un alt operator, dac\u0103 este tehnic posibil.<\/p>\n<h3 data-start=\"6154\" data-end=\"6194\"><strong data-start=\"6160\" data-end=\"6192\">9.7 Dreptul de a fi informat<\/strong><\/h3>\n<p data-start=\"6195\" data-end=\"6295\">Pute\u021bi solicita informa\u021bii despre destinatarii c\u0103rora le-au fost dezv\u0103luite datele dvs. personale.<\/p>\n<h3 data-start=\"6297\" data-end=\"6332\"><strong data-start=\"6303\" data-end=\"6330\">9.8 Dreptul de opozi\u021bie<\/strong><\/h3>\n<p data-start=\"6333\" data-end=\"6470\">Pute\u021bi obiecta oric\u00e2nd fa\u021b\u0103 de prelucrarea datelor dvs. personale de c\u0103tre <strong data-start=\"6408\" data-end=\"6426\">NA CHISTO EOOD<\/strong>, inclusiv \u00een scopuri de marketing direct.<\/p>\n<h2 data-start=\"6472\" data-end=\"6533\"><strong data-start=\"6477\" data-end=\"6531\">10. Actualiz\u0103ri ale Politicii de confiden\u021bialitate<\/strong><\/h2>\n<p data-start=\"6535\" data-end=\"6649\"><strong data-start=\"6535\" data-end=\"6553\">NA CHISTO EOOD<\/strong> poate modifica aceast\u0103 Politic\u0103 de confiden\u021bialitate pentru a respecta legisla\u021bia \u00een vigoare.<\/p>\n<p data-start=\"6651\" data-end=\"6737\" data-is-last-node=\"\">V\u0103 rug\u0103m s\u0103 verifica\u021bi data ultimei actualiz\u0103ri pentru a fi la curent cu modific\u0103rile.<\/p>\n<\/div>\n\n<\/div>\n","protected":false},"excerpt":{"rendered":"<div class=\"wp-editor\"><\/div>\n","protected":false},"author":1,"featured_media":0,"parent":0,"menu_order":0,"comment_status":"closed","ping_status":"closed","template":"","meta":{"_acf_changed":false,"footnotes":""},"class_list":["post-5146","page","type-page","status-publish","hentry"],"acf":[],"yoast_head":"<!-- This site is optimized with the Yoast SEO Premium plugin v24.4 (Yoast SEO v27.1.1) - https:\/\/yoast.com\/product\/yoast-seo-premium-wordpress\/ -->\n<title>Politica de confiden\u021bialitate - &quot;Aleko&quot; Apartments<\/title>\n<meta name=\"robots\" content=\"index, follow, max-snippet:-1, max-image-preview:large, max-video-preview:-1\" \/>\n<link rel=\"canonical\" href=\"https:\/\/alekoapartments.com\/ro\/politica-de-confidentialitate\/\" \/>\n<meta property=\"og:locale\" content=\"ro_RO\" \/>\n<meta property=\"og:type\" content=\"article\" \/>\n<meta property=\"og:title\" content=\"Politica de confiden\u021bialitate\" \/>\n<meta property=\"og:url\" content=\"https:\/\/alekoapartments.com\/ro\/politica-de-confidentialitate\/\" \/>\n<meta property=\"og:site_name\" content=\"&quot;Aleko&quot; Apartments\" \/>\n<meta property=\"article:publisher\" content=\"https:\/\/www.facebook.com\/AlekoApartments\" \/>\n<meta property=\"article:modified_time\" content=\"2025-02-17T09:08:46+00:00\" \/>\n<meta property=\"og:image\" content=\"https:\/\/alekoapartments.com\/wp-content\/uploads\/2024\/07\/aleko-apartment-1-box.jpg\" \/>\n\t<meta property=\"og:image:width\" content=\"570\" \/>\n\t<meta property=\"og:image:height\" content=\"400\" \/>\n\t<meta property=\"og:image:type\" content=\"image\/jpeg\" \/>\n<meta name=\"twitter:card\" content=\"summary_large_image\" \/>\n<script type=\"application\/ld+json\" class=\"yoast-schema-graph\">{\"@context\":\"https:\/\/schema.org\",\"@graph\":[{\"@type\":\"WebPage\",\"@id\":\"https:\/\/alekoapartments.com\/ro\/politica-de-confidentialitate\/\",\"url\":\"https:\/\/alekoapartments.com\/ro\/politica-de-confidentialitate\/\",\"name\":\"Politica de confiden\u021bialitate - &quot;Aleko&quot; Apartments\",\"isPartOf\":{\"@id\":\"https:\/\/alekoapartments.com\/ro\/#website\"},\"datePublished\":\"2024-01-02T12:06:43+00:00\",\"dateModified\":\"2025-02-17T09:08:46+00:00\",\"breadcrumb\":{\"@id\":\"https:\/\/alekoapartments.com\/ro\/politica-de-confidentialitate\/#breadcrumb\"},\"inLanguage\":\"ro-RO\",\"potentialAction\":[{\"@type\":\"ReadAction\",\"target\":[\"https:\/\/alekoapartments.com\/ro\/politica-de-confidentialitate\/\"]}]},{\"@type\":\"BreadcrumbList\",\"@id\":\"https:\/\/alekoapartments.com\/ro\/politica-de-confidentialitate\/#breadcrumb\",\"itemListElement\":[{\"@type\":\"ListItem\",\"position\":1,\"name\":\"Home\",\"item\":\"https:\/\/alekoapartments.com\/ro\/\"},{\"@type\":\"ListItem\",\"position\":2,\"name\":\"Politica de confiden\u021bialitate\"}]},{\"@type\":\"WebSite\",\"@id\":\"https:\/\/alekoapartments.com\/ro\/#website\",\"url\":\"https:\/\/alekoapartments.com\/ro\/\",\"name\":\"\u0410\u043f\u0430\u0440\u0442\u0430\u043c\u0435\u043d\u0442\u0438 \\\"\u0410\u043b\u0435\u043a\u043e\\\"\",\"description\":\"\u043a\u043e\u043c\u0444\u043e\u0440\u0442, \u0443\u0434\u043e\u0431\u0441\u0442\u0432\u043e \u0438 \u043d\u0435\u0437\u0430\u0431\u0440\u0430\u0432\u0438\u043c\u0438 \u0441\u043f\u043e\u043c\u0435\u043d\u0438!\",\"publisher\":{\"@id\":\"https:\/\/alekoapartments.com\/ro\/#organization\"},\"alternateName\":\"Aleko apartments\",\"potentialAction\":[{\"@type\":\"SearchAction\",\"target\":{\"@type\":\"EntryPoint\",\"urlTemplate\":\"https:\/\/alekoapartments.com\/ro\/?s={search_term_string}\"},\"query-input\":{\"@type\":\"PropertyValueSpecification\",\"valueRequired\":true,\"valueName\":\"search_term_string\"}}],\"inLanguage\":\"ro-RO\"},{\"@type\":\"Organization\",\"@id\":\"https:\/\/alekoapartments.com\/ro\/#organization\",\"name\":\"\u041d\u0430 \u0427\u0438\u0441\u0442\u043e \u0415\u041e\u041e\u0414\",\"alternateName\":\"Na Chisto LTD\",\"url\":\"https:\/\/alekoapartments.com\/ro\/\",\"logo\":{\"@type\":\"ImageObject\",\"inLanguage\":\"ro-RO\",\"@id\":\"https:\/\/alekoapartments.com\/ro\/#\/schema\/logo\/image\/\",\"url\":\"https:\/\/alekoapartments.com\/wp-content\/uploads\/2024\/07\/EN.png\",\"contentUrl\":\"https:\/\/alekoapartments.com\/wp-content\/uploads\/2024\/07\/EN.png\",\"width\":2362,\"height\":2362,\"caption\":\"\u041d\u0430 \u0427\u0438\u0441\u0442\u043e \u0415\u041e\u041e\u0414\"},\"image\":{\"@id\":\"https:\/\/alekoapartments.com\/ro\/#\/schema\/logo\/image\/\"},\"sameAs\":[\"https:\/\/www.facebook.com\/AlekoApartments\",\"https:\/\/www.instagram.com\/aleko.apartments\/\"]}]}<\/script>\n<!-- \/ Yoast SEO Premium plugin. -->","yoast_head_json":{"title":"Politica de confiden\u021bialitate - &quot;Aleko&quot; Apartments","robots":{"index":"index","follow":"follow","max-snippet":"max-snippet:-1","max-image-preview":"max-image-preview:large","max-video-preview":"max-video-preview:-1"},"canonical":"https:\/\/alekoapartments.com\/ro\/politica-de-confidentialitate\/","og_locale":"ro_RO","og_type":"article","og_title":"Politica de confiden\u021bialitate","og_url":"https:\/\/alekoapartments.com\/ro\/politica-de-confidentialitate\/","og_site_name":"&quot;Aleko&quot; Apartments","article_publisher":"https:\/\/www.facebook.com\/AlekoApartments","article_modified_time":"2025-02-17T09:08:46+00:00","og_image":[{"width":570,"height":400,"url":"https:\/\/alekoapartments.com\/wp-content\/uploads\/2024\/07\/aleko-apartment-1-box.jpg","type":"image\/jpeg"}],"twitter_card":"summary_large_image","schema":{"@context":"https:\/\/schema.org","@graph":[{"@type":"WebPage","@id":"https:\/\/alekoapartments.com\/ro\/politica-de-confidentialitate\/","url":"https:\/\/alekoapartments.com\/ro\/politica-de-confidentialitate\/","name":"Politica de confiden\u021bialitate - &quot;Aleko&quot; Apartments","isPartOf":{"@id":"https:\/\/alekoapartments.com\/ro\/#website"},"datePublished":"2024-01-02T12:06:43+00:00","dateModified":"2025-02-17T09:08:46+00:00","breadcrumb":{"@id":"https:\/\/alekoapartments.com\/ro\/politica-de-confidentialitate\/#breadcrumb"},"inLanguage":"ro-RO","potentialAction":[{"@type":"ReadAction","target":["https:\/\/alekoapartments.com\/ro\/politica-de-confidentialitate\/"]}]},{"@type":"BreadcrumbList","@id":"https:\/\/alekoapartments.com\/ro\/politica-de-confidentialitate\/#breadcrumb","itemListElement":[{"@type":"ListItem","position":1,"name":"Home","item":"https:\/\/alekoapartments.com\/ro\/"},{"@type":"ListItem","position":2,"name":"Politica de confiden\u021bialitate"}]},{"@type":"WebSite","@id":"https:\/\/alekoapartments.com\/ro\/#website","url":"https:\/\/alekoapartments.com\/ro\/","name":"\u0410\u043f\u0430\u0440\u0442\u0430\u043c\u0435\u043d\u0442\u0438 \"\u0410\u043b\u0435\u043a\u043e\"","description":"\u043a\u043e\u043c\u0444\u043e\u0440\u0442, \u0443\u0434\u043e\u0431\u0441\u0442\u0432\u043e \u0438 \u043d\u0435\u0437\u0430\u0431\u0440\u0430\u0432\u0438\u043c\u0438 \u0441\u043f\u043e\u043c\u0435\u043d\u0438!","publisher":{"@id":"https:\/\/alekoapartments.com\/ro\/#organization"},"alternateName":"Aleko apartments","potentialAction":[{"@type":"SearchAction","target":{"@type":"EntryPoint","urlTemplate":"https:\/\/alekoapartments.com\/ro\/?s={search_term_string}"},"query-input":{"@type":"PropertyValueSpecification","valueRequired":true,"valueName":"search_term_string"}}],"inLanguage":"ro-RO"},{"@type":"Organization","@id":"https:\/\/alekoapartments.com\/ro\/#organization","name":"\u041d\u0430 \u0427\u0438\u0441\u0442\u043e \u0415\u041e\u041e\u0414","alternateName":"Na Chisto LTD","url":"https:\/\/alekoapartments.com\/ro\/","logo":{"@type":"ImageObject","inLanguage":"ro-RO","@id":"https:\/\/alekoapartments.com\/ro\/#\/schema\/logo\/image\/","url":"https:\/\/alekoapartments.com\/wp-content\/uploads\/2024\/07\/EN.png","contentUrl":"https:\/\/alekoapartments.com\/wp-content\/uploads\/2024\/07\/EN.png","width":2362,"height":2362,"caption":"\u041d\u0430 \u0427\u0438\u0441\u0442\u043e \u0415\u041e\u041e\u0414"},"image":{"@id":"https:\/\/alekoapartments.com\/ro\/#\/schema\/logo\/image\/"},"sameAs":["https:\/\/www.facebook.com\/AlekoApartments","https:\/\/www.instagram.com\/aleko.apartments\/"]}]}},"_links":{"self":[{"href":"https:\/\/alekoapartments.com\/ro\/wp-json\/wp\/v2\/pages\/5146","targetHints":{"allow":["GET"]}}],"collection":[{"href":"https:\/\/alekoapartments.com\/ro\/wp-json\/wp\/v2\/pages"}],"about":[{"href":"https:\/\/alekoapartments.com\/ro\/wp-json\/wp\/v2\/types\/page"}],"author":[{"embeddable":true,"href":"https:\/\/alekoapartments.com\/ro\/wp-json\/wp\/v2\/users\/1"}],"replies":[{"embeddable":true,"href":"https:\/\/alekoapartments.com\/ro\/wp-json\/wp\/v2\/comments?post=5146"}],"version-history":[{"count":1,"href":"https:\/\/alekoapartments.com\/ro\/wp-json\/wp\/v2\/pages\/5146\/revisions"}],"predecessor-version":[{"id":5153,"href":"https:\/\/alekoapartments.com\/ro\/wp-json\/wp\/v2\/pages\/5146\/revisions\/5153"}],"wp:attachment":[{"href":"https:\/\/alekoapartments.com\/ro\/wp-json\/wp\/v2\/media?parent=5146"}],"curies":[{"name":"wp","href":"https:\/\/api.w.org\/{rel}","templated":true}]}}